{"id":191,"date":"2025-12-29T12:00:26","date_gmt":"2025-12-29T12:00:26","guid":{"rendered":"https:\/\/acdtogo.de\/?page_id=191"},"modified":"2026-02-23T07:37:07","modified_gmt":"2026-02-23T07:37:07","slug":"elementor-seite-191","status":"publish","type":"page","link":"https:\/\/acdtogo.de\/fr\/elementor-seite-191\/","title":{"rendered":"Qui nous sommes"},"content":{"rendered":"<div data-elementor-type=\"wp-page\" data-elementor-id=\"191\" class=\"elementor elementor-191\">\n\t\t\t\t<div class=\"elementor-element elementor-element-2b8d7c5 e-con-full e-flex wpr-particle-no wpr-jarallax-no wpr-parallax-no wpr-sticky-section-no e-con e-parent\" data-id=\"2b8d7c5\" data-element_type=\"container\" data-e-type=\"container\" data-settings=\"{&quot;background_background&quot;:&quot;classic&quot;}\">\n\t\t\t\t<div class=\"elementor-element elementor-element-244dc00 elementor-widget elementor-widget-heading\" data-id=\"244dc00\" data-element_type=\"widget\" data-e-type=\"widget\" data-widget_type=\"heading.default\">\n\t\t\t\t\t<h2 class=\"elementor-heading-title elementor-size-default\">Qui nous sommes<\/h2>\t\t\t\t<\/div>\n\t\t\t\t<\/div>\n\t\t\t\t<section class=\"elementor-section elementor-top-section elementor-element elementor-element-47ba75c5 elementor-section-boxed elementor-section-height-default elementor-section-height-default wpr-particle-no wpr-jarallax-no wpr-parallax-no wpr-sticky-section-no\" data-id=\"47ba75c5\" data-element_type=\"section\" data-e-type=\"section\">\n\t\t\t\t\t\t<div class=\"elementor-container elementor-column-gap-default\">\n\t\t\t\t\t<div class=\"elementor-column elementor-col-50 elementor-top-column elementor-element elementor-element-1366fb31\" data-id=\"1366fb31\" data-element_type=\"column\" data-e-type=\"column\">\n\t\t\t<div class=\"elementor-widget-wrap elementor-element-populated\">\n\t\t\t\t\t\t<div class=\"elementor-element elementor-element-6c95078a elementor-widget elementor-widget-heading\" data-id=\"6c95078a\" data-element_type=\"widget\" data-e-type=\"widget\" data-widget_type=\"heading.default\">\n\t\t\t\t\t<h2 class=\"elementor-heading-title elementor-size-default\">Gegr\u00fcndet 2010<\/h2>\t\t\t\t<\/div>\n\t\t\t\t\t<\/div>\n\t\t<\/div>\n\t\t\t\t<div class=\"elementor-column elementor-col-50 elementor-top-column elementor-element elementor-element-12c5381a\" data-id=\"12c5381a\" data-element_type=\"column\" data-e-type=\"column\">\n\t\t\t<div class=\"elementor-widget-wrap elementor-element-populated\">\n\t\t\t\t\t\t<div class=\"elementor-element elementor-element-59c2f71e elementor-widget elementor-widget-text-editor\" data-id=\"59c2f71e\" data-element_type=\"widget\" data-e-type=\"widget\" data-widget_type=\"text-editor.default\">\n\t\t\t\t\t\t\t\t\t<p>Nous nous engageons de tout c\u0153ur pour offrir aux enfants, aux jeunes et aux familles au Togo des perspectives vers une vie plus digne et porteuse d\u2019espoir. Chaque soutien contribue \u00e0 diffuser davantage d\u2019humanit\u00e9 dans le monde, et nous remercions sinc\u00e8rement toutes les personnes qui nous accompagnent sur ce chemin.<\/p>\t\t\t\t\t\t\t\t<\/div>\n\t\t\t\t\t<\/div>\n\t\t<\/div>\n\t\t\t\t\t<\/div>\n\t\t<\/section>\n\t\t<div class=\"elementor-element elementor-element-6adcb1d e-con-full e-flex wpr-particle-no wpr-jarallax-no wpr-parallax-no wpr-sticky-section-no e-con e-parent\" data-id=\"6adcb1d\" data-element_type=\"container\" data-e-type=\"container\">\n\t\t<div class=\"elementor-element elementor-element-b2e57a6 e-con-full e-flex wpr-particle-no wpr-jarallax-no wpr-parallax-no wpr-sticky-section-no e-con e-child\" data-id=\"b2e57a6\" data-element_type=\"container\" data-e-type=\"container\">\n\t\t\t\t<div class=\"elementor-element elementor-element-78667e7 elementor-widget elementor-widget-heading\" data-id=\"78667e7\" data-element_type=\"widget\" data-e-type=\"widget\" data-widget_type=\"heading.default\">\n\t\t\t\t\t<h2 class=\"elementor-heading-title elementor-size-default\">Ensemble, nous agissons de mani\u00e8re responsable dans le but d\u2019am\u00e9liorer durablement la vie des populations au Togo.<\/h2>\t\t\t\t<\/div>\n\t\t\t\t<div class=\"elementor-element elementor-element-b236bc2 elementor-widget elementor-widget-image\" data-id=\"b236bc2\" data-element_type=\"widget\" data-e-type=\"widget\" data-widget_type=\"image.default\">\n\t\t\t\t\t\t\t\t\t\t\t\t\t\t\t<img fetchpriority=\"high\" decoding=\"async\" width=\"2048\" height=\"1365\" src=\"https:\/\/acdtogo.de\/wp-content\/uploads\/2025\/12\/mission.jpg\" class=\"attachment-full size-full wp-image-245\" alt=\"\" srcset=\"https:\/\/acdtogo.de\/wp-content\/uploads\/2025\/12\/mission.jpg 2048w, https:\/\/acdtogo.de\/wp-content\/uploads\/2025\/12\/mission-300x200.jpg 300w, https:\/\/acdtogo.de\/wp-content\/uploads\/2025\/12\/mission-1024x683.jpg 1024w, https:\/\/acdtogo.de\/wp-content\/uploads\/2025\/12\/mission-768x512.jpg 768w, https:\/\/acdtogo.de\/wp-content\/uploads\/2025\/12\/mission-1536x1024.jpg 1536w\" sizes=\"(max-width: 2048px) 100vw, 2048px\" \/>\t\t\t\t\t\t\t\t\t\t\t\t\t\t\t<\/div>\n\t\t<div class=\"elementor-element elementor-element-4b88850 e-con-full e-flex wpr-particle-no wpr-jarallax-no wpr-parallax-no wpr-sticky-section-no e-con e-child\" data-id=\"4b88850\" data-element_type=\"container\" data-e-type=\"container\">\n\t\t<div class=\"elementor-element elementor-element-9caebac e-con-full e-flex wpr-particle-no wpr-jarallax-no wpr-parallax-no wpr-sticky-section-no e-con e-child\" data-id=\"9caebac\" data-element_type=\"container\" data-e-type=\"container\">\n\t\t\t\t<div class=\"elementor-element elementor-element-9009cf5 elementor-widget elementor-widget-heading\" data-id=\"9009cf5\" data-element_type=\"widget\" data-e-type=\"widget\" data-widget_type=\"heading.default\">\n\t\t\t\t\t<h2 class=\"elementor-heading-title elementor-size-default\">Mission<\/h2>\t\t\t\t<\/div>\n\t\t\t\t<div class=\"elementor-element elementor-element-8a615ad elementor-widget-divider--view-line elementor-widget elementor-widget-divider\" data-id=\"8a615ad\" data-element_type=\"widget\" data-e-type=\"widget\" data-widget_type=\"divider.default\">\n\t\t\t\t\t\t\t<div class=\"elementor-divider\">\n\t\t\t<span class=\"elementor-divider-separator\">\n\t\t\t\t\t\t<\/span>\n\t\t<\/div>\n\t\t\t\t\t\t<\/div>\n\t\t\t\t<div class=\"elementor-element elementor-element-55c2a09 elementor-widget elementor-widget-text-editor\" data-id=\"55c2a09\" data-element_type=\"widget\" data-e-type=\"widget\" data-widget_type=\"text-editor.default\">\n\t\t\t\t\t\t\t\t\t<p data-start=\"109\" data-end=\"304\">Notre association a \u00e9t\u00e9 fond\u00e9e en 2010 par Aim\u00e9 Quamdessou, dont l\u2019attachement au Togo et \u00e0 sa population l\u2019a d\u00e9j\u00e0 incit\u00e9 \u00e0 agir d\u00e8s 2009. Depuis, un engagement personnel est devenu une initiative en constante croissance, qui intervient l\u00e0 o\u00f9 l\u2019aide est n\u00e9cessaire.<\/p>\t\t\t\t\t\t\t\t<\/div>\n\t\t\t\t<\/div>\n\t\t<div class=\"elementor-element elementor-element-8744aeb e-con-full e-flex wpr-particle-no wpr-jarallax-no wpr-parallax-no wpr-sticky-section-no e-con e-child\" data-id=\"8744aeb\" data-element_type=\"container\" data-e-type=\"container\">\n\t\t\t\t<div class=\"elementor-element elementor-element-35023cf elementor-widget elementor-widget-heading\" data-id=\"35023cf\" data-element_type=\"widget\" data-e-type=\"widget\" data-widget_type=\"heading.default\">\n\t\t\t\t\t<h2 class=\"elementor-heading-title elementor-size-default\">Vision<\/h2>\t\t\t\t<\/div>\n\t\t\t\t<div class=\"elementor-element elementor-element-8dc06af elementor-widget-divider--view-line elementor-widget elementor-widget-divider\" data-id=\"8dc06af\" data-element_type=\"widget\" data-e-type=\"widget\" data-widget_type=\"divider.default\">\n\t\t\t\t\t\t\t<div class=\"elementor-divider\">\n\t\t\t<span class=\"elementor-divider-separator\">\n\t\t\t\t\t\t<\/span>\n\t\t<\/div>\n\t\t\t\t\t\t<\/div>\n\t\t\t\t<div class=\"elementor-element elementor-element-746cc39 elementor-widget elementor-widget-text-editor\" data-id=\"746cc39\" data-element_type=\"widget\" data-e-type=\"widget\" data-widget_type=\"text-editor.default\">\n\t\t\t\t\t\t\t\t\t<p data-start=\"473\" data-end=\"717\">Nous souhaitons contribuer \u00e0 am\u00e9liorer durablement les conditions de vie au Togo, en particulier dans les domaines de la sant\u00e9, de l\u2019\u00e9ducation et de l\u2019aide \u00e0 l\u2019enfance. Gr\u00e2ce \u00e0 des projets concrets et \u00e0 des missions m\u00e9dicales, nous cr\u00e9ons des perspectives et redonnons de l\u2019espoir.<\/p>\t\t\t\t\t\t\t\t<\/div>\n\t\t\t\t<\/div>\n\t\t<div class=\"elementor-element elementor-element-0215d3f e-con-full e-flex wpr-particle-no wpr-jarallax-no wpr-parallax-no wpr-sticky-section-no e-con e-child\" data-id=\"0215d3f\" data-element_type=\"container\" data-e-type=\"container\">\n\t\t\t\t<div class=\"elementor-element elementor-element-03c3cc3 elementor-widget elementor-widget-heading\" data-id=\"03c3cc3\" data-element_type=\"widget\" data-e-type=\"widget\" data-widget_type=\"heading.default\">\n\t\t\t\t\t<h2 class=\"elementor-heading-title elementor-size-default\">Valeurs<\/h2>\t\t\t\t<\/div>\n\t\t\t\t<div class=\"elementor-element elementor-element-46cd435 elementor-widget-divider--view-line elementor-widget elementor-widget-divider\" data-id=\"46cd435\" data-element_type=\"widget\" data-e-type=\"widget\" data-widget_type=\"divider.default\">\n\t\t\t\t\t\t\t<div class=\"elementor-divider\">\n\t\t\t<span class=\"elementor-divider-separator\">\n\t\t\t\t\t\t<\/span>\n\t\t<\/div>\n\t\t\t\t\t\t<\/div>\n\t\t\t\t<div class=\"elementor-element elementor-element-c58c890 elementor-widget elementor-widget-text-editor\" data-id=\"c58c890\" data-element_type=\"widget\" data-e-type=\"widget\" data-widget_type=\"text-editor.default\">\n\t\t\t\t\t\t\t\t\t<p>Notre travail repose sur l\u2019engagement de membres d\u00e9vou\u00e9s en Allemagne et de b\u00e9n\u00e9voles au Togo. Ensemble, nous utilisons les dons de mani\u00e8re responsable et les affectons de fa\u00e7on cibl\u00e9e l\u00e0 o\u00f9 ils font une r\u00e9elle diff\u00e9rence.<\/p>\t\t\t\t\t\t\t\t<\/div>\n\t\t\t\t<\/div>\n\t\t\t\t<\/div>\n\t\t\t\t<\/div>\n\t\t\t\t<\/div>\n\t\t\t\t<section class=\"elementor-section elementor-top-section elementor-element elementor-element-71a2825c elementor-section-boxed elementor-section-height-default elementor-section-height-default wpr-particle-no wpr-jarallax-no wpr-parallax-no wpr-sticky-section-no\" data-id=\"71a2825c\" data-element_type=\"section\" data-e-type=\"section\">\n\t\t\t\t\t\t<div class=\"elementor-container elementor-column-gap-default\">\n\t\t\t\t\t<div class=\"elementor-column elementor-col-100 elementor-top-column elementor-element elementor-element-47cafa24\" data-id=\"47cafa24\" data-element_type=\"column\" data-e-type=\"column\">\n\t\t\t<div class=\"elementor-widget-wrap elementor-element-populated\">\n\t\t\t\t\t\t<div class=\"elementor-element elementor-element-6b5b1e1b elementor-widget elementor-widget-heading\" data-id=\"6b5b1e1b\" data-element_type=\"widget\" data-e-type=\"widget\" data-widget_type=\"heading.default\">\n\t\t\t\t\t<h2 class=\"elementor-heading-title elementor-size-default\">Notre team<\/h2>\t\t\t\t<\/div>\n\t\t\t\t<section class=\"elementor-section elementor-inner-section elementor-element elementor-element-64d3d44d elementor-section-boxed elementor-section-height-default elementor-section-height-default wpr-particle-no wpr-jarallax-no wpr-parallax-no wpr-sticky-section-no\" data-id=\"64d3d44d\" data-element_type=\"section\" data-e-type=\"section\">\n\t\t\t\t\t\t<div class=\"elementor-container elementor-column-gap-wide\">\n\t\t\t\t\t<div class=\"elementor-column elementor-col-33 elementor-inner-column elementor-element elementor-element-18131e79\" data-id=\"18131e79\" data-element_type=\"column\" data-e-type=\"column\">\n\t\t\t<div class=\"elementor-widget-wrap elementor-element-populated\">\n\t\t\t\t\t\t<div class=\"elementor-element elementor-element-35512799 elementor-widget elementor-widget-wpr-team-member\" data-id=\"35512799\" data-element_type=\"widget\" data-e-type=\"widget\" data-widget_type=\"wpr-team-member.default\">\n\t\t\t\t\t\n\t<div class=\"wpr-team-member\">\n\t\t\t\t\t\n\t\t\t<div class=\"wpr-member-media\">\n\t\t\t\t<div class=\"wpr-member-image\">\n\t\t\t\t\t<img decoding=\"async\" src=\"https:\/\/acdtogo.de\/wp-content\/uploads\/2025\/12\/Papa-1920w.webp\" alt=\"Aim\u00e9 Quamdessou\">\n\t\t\t\t<\/div>\n\t\t\t\t\t\t\t<\/div>\n\t\t\t\t\n\t\t\n\t\t<div class=\"wpr-member-content\">\n\t\t\t<h3 class=\"wpr-member-name\">Aim\u00e9 Quamdessou<\/h3>\n\t\t\t\n\t\t\t\t\t\t\t<div class=\"wpr-member-job\">Pr\u00e9sident<\/div>\n\t\t\t\n\t\t\t\n\t\t\t\t\t\t\t<div class=\"wpr-member-description\">Contact: Acdtogo@hotmail.de <\/div>\n\t\t\t\t\t\t\n\t\t\t\t\t<\/div>\n\n\t\t\t<\/div>\n\n\t\t\t\t\t<\/div>\n\t\t\t\t\t<\/div>\n\t\t<\/div>\n\t\t\t\t<div class=\"elementor-column elementor-col-33 elementor-inner-column elementor-element elementor-element-61f04edd\" data-id=\"61f04edd\" data-element_type=\"column\" data-e-type=\"column\">\n\t\t\t<div class=\"elementor-widget-wrap elementor-element-populated\">\n\t\t\t\t\t\t<div class=\"elementor-element elementor-element-61e031db elementor-widget elementor-widget-wpr-team-member\" data-id=\"61e031db\" data-element_type=\"widget\" data-e-type=\"widget\" data-widget_type=\"wpr-team-member.default\">\n\t\t\t\t\t\n\t<div class=\"wpr-team-member\">\n\t\t\t\t\t\n\t\t\t<div class=\"wpr-member-media\">\n\t\t\t\t<div class=\"wpr-member-image\">\n\t\t\t\t\t<img decoding=\"async\" src=\"https:\/\/acdtogo.de\/wp-content\/uploads\/2025\/12\/frank-1920w-e1767010986650.webp\" alt=\"Aridja Frank\">\n\t\t\t\t<\/div>\n\t\t\t\t\t\t\t<\/div>\n\t\t\t\t\n\t\t\n\t\t<div class=\"wpr-member-content\">\n\t\t\t<h3 class=\"wpr-member-name\">Aridja Frank<\/h3>\n\t\t\t\n\t\t\t\t\t\t\t<div class=\"wpr-member-job\">Coordinateur de zone Togo\/Allemagne <\/div>\n\t\t\t\n\t\t\t\n\t\t\t\t\t\t\t<div class=\"wpr-member-description\">Contact: infoacdtogo@gmail.com\n\n<\/div>\n\t\t\t\t\t\t\n\t\t\t\t\t<\/div>\n\n\t\t\t<\/div>\n\n\t\t\t\t\t<\/div>\n\t\t\t\t\t<\/div>\n\t\t<\/div>\n\t\t\t\t<div class=\"elementor-column elementor-col-33 elementor-inner-column elementor-element elementor-element-b586867\" data-id=\"b586867\" data-element_type=\"column\" data-e-type=\"column\">\n\t\t\t<div class=\"elementor-widget-wrap elementor-element-populated\">\n\t\t\t\t\t\t<div class=\"elementor-element elementor-element-01debba elementor-widget elementor-widget-wpr-team-member\" data-id=\"01debba\" data-element_type=\"widget\" data-e-type=\"widget\" data-widget_type=\"wpr-team-member.default\">\n\t\t\t\t\t\n\t<div class=\"wpr-team-member\">\n\t\t\t\t\t\n\t\t\t<div class=\"wpr-member-media\">\n\t\t\t\t<div class=\"wpr-member-image\">\n\t\t\t\t\t<img decoding=\"async\" src=\"https:\/\/acdtogo.de\/wp-content\/uploads\/2025\/12\/kossi2-5873d7cf-1920w-e1767011252459.webp\" alt=\"Kossi Kotchadjo\">\n\t\t\t\t<\/div>\n\t\t\t\t\t\t\t<\/div>\n\t\t\t\t\n\t\t\n\t\t<div class=\"wpr-member-content\">\n\t\t\t<h3 class=\"wpr-member-name\">Kossi Kotchadjo<\/h3>\n\t\t\t\n\t\t\t\t\t\t\t<div class=\"wpr-member-job\">Responsable de projet \u2013 Togo<\/div>\n\t\t\t\n\t\t\t\n\t\t\t\t\t\t\t<div class=\"wpr-member-description\">Contact: infoacdtogo@gmail.com\n\n<\/div>\n\t\t\t\t\t\t\n\t\t\t\t\t<\/div>\n\n\t\t\t<\/div>\n\n\t\t\t\t\t<\/div>\n\t\t\t\t\t<\/div>\n\t\t<\/div>\n\t\t\t\t\t<\/div>\n\t\t<\/section>\n\t\t\t\t\t<\/div>\n\t\t<\/div>\n\t\t\t\t\t<\/div>\n\t\t<\/section>\n\t\t\t\t<section class=\"elementor-section elementor-top-section elementor-element elementor-element-d2321d9 elementor-section-stretched elementor-section-boxed elementor-section-height-default elementor-section-height-default wpr-particle-no wpr-jarallax-no wpr-parallax-no wpr-sticky-section-no\" data-id=\"d2321d9\" data-element_type=\"section\" data-e-type=\"section\" data-settings=\"{&quot;background_background&quot;:&quot;classic&quot;,&quot;stretch_section&quot;:&quot;section-stretched&quot;}\">\n\t\t\t\t\t\t\t<div class=\"elementor-background-overlay\"><\/div>\n\t\t\t\t\t\t\t<div class=\"elementor-container elementor-column-gap-default\">\n\t\t\t\t\t<div class=\"elementor-column elementor-col-100 elementor-top-column elementor-element elementor-element-a5300cb\" data-id=\"a5300cb\" data-element_type=\"column\" data-e-type=\"column\">\n\t\t\t<div class=\"elementor-widget-wrap elementor-element-populated\">\n\t\t\t\t\t\t<section class=\"elementor-section elementor-inner-section elementor-element elementor-element-07f980e elementor-section-boxed elementor-section-height-default elementor-section-height-default wpr-particle-no wpr-jarallax-no wpr-parallax-no wpr-sticky-section-no\" data-id=\"07f980e\" data-element_type=\"section\" data-e-type=\"section\">\n\t\t\t\t\t\t<div class=\"elementor-container elementor-column-gap-default\">\n\t\t\t\t\t<div class=\"elementor-column elementor-col-100 elementor-inner-column elementor-element elementor-element-8b88085\" data-id=\"8b88085\" data-element_type=\"column\" data-e-type=\"column\">\n\t\t\t<div class=\"elementor-widget-wrap elementor-element-populated\">\n\t\t\t\t\t\t<div class=\"elementor-element elementor-element-f0789af elementor-widget elementor-widget-elementskit-heading\" data-id=\"f0789af\" data-element_type=\"widget\" data-e-type=\"widget\" data-widget_type=\"elementskit-heading.default\">\n\t\t\t\t\t<div class=\"ekit-wid-con\" ><div class=\"ekit-heading elementskit-section-title-wraper center   ekit_heading_tablet-   ekit_heading_mobile-\"><h3 class=\"elementskit-section-subtitle\">\n\t\t\t\t\t\tNous avons besoin de votre soutien\n\t\t\t\t\t<\/h3><h2 class=\"ekit-heading--title elementskit-section-title\">Devenir membre d\u00e8s maintenant<\/h2>\t\t\t\t<div class='ekit-heading__description'>\n\t\t\t\t\t<p>Votre adh\u00e9sion renforce nos projets dans les domaines de l\u2019\u00e9ducation, de la promotion de l\u2019enfance et de l\u2019aide au d\u00e9veloppement au Togo.<\/p>\n\t\t\t\t<\/div>\n\t\t\t<\/div><\/div>\t\t\t\t<\/div>\n\t\t\t\t<div class=\"elementor-element elementor-element-241126b elementor-align-center elementor-widget elementor-widget-elementskit-button\" data-id=\"241126b\" data-element_type=\"widget\" data-e-type=\"widget\" data-widget_type=\"elementskit-button.default\">\n\t\t\t\t\t<div class=\"ekit-wid-con\" >\t\t<div class=\"ekit-btn-wraper\">\n\t\t\t\t\t\t\t<a href=\"https:\/\/acdtogo.de\/fr\/elementor-seite-415\/\" class=\"elementskit-btn  whitespace--normal\" id=\"\">\n\t\t\t\t\tEn savoir plus\t\t\t\t<\/a>\n\t\t\t\t\t<\/div>\n        <\/div>\t\t\t\t<\/div>\n\t\t\t\t\t<\/div>\n\t\t<\/div>\n\t\t\t\t\t<\/div>\n\t\t<\/section>\n\t\t\t\t\t<\/div>\n\t\t<\/div>\n\t\t\t\t\t<\/div>\n\t\t<\/section>\n\t\t\t\t<\/div>","protected":false},"excerpt":{"rendered":"<p>Wer wir sind Gegr\u00fcndet 2010 Wir setzen uns mit ganzem Herzen daf\u00fcr ein, Kindern, Jugendlichen und Familien in Togo Wege zu einem hoffnungsvolleren und w\u00fcrdevollen Leben zu er\u00f6ffnen. Jede einzelne Unterst\u00fctzung hilft uns dabei, ein St\u00fcck mehr Menschlichkeit in die Welt zu tragen, und wir sind von Herzen dankbar f\u00fcr alle, die diesen Weg mit uns gehen. Gemeinsam handeln wir aus Verantwortung und mit dem Ziel, das Leben von Menschen in Togo nachhaltig zu verbessern. Mission Unser Verein wurde 2010 von Aim\u00e9 Quamdessou gegr\u00fcndet, dessen Verbundenheit zu Togo und den dort lebenden Menschen ihn schon 2009 zum Handeln bewegte. Seitdem ist aus pers\u00f6nlichem Engagement eine stetig wachsende Initiative entstanden, die dort hilft, wo Unterst\u00fctzung gebraucht wird. Vision Wir m\u00f6chten dazu beitragen, die Lebensbedingungen in Togo nachhaltig zu verbessern \u2013 besonders in den Bereichen Gesundheit, Bildung und Kinderhilfe. Durch konkrete Projekte und medizinische Eins\u00e4tze schaffen wir Perspektiven und geben Hoffnung. Werte Unsere Arbeit lebt vom Einsatz engagierter Mitglieder in Deutschland und freiwilliger Helfer in Togo. Gemeinsam gehen wir verantwortungsvoll mit Spenden um und setzen sie gezielt dort ein, wo sie einen echten Unterschied machen. Unser Team Aim\u00e9 Quamdessou Vorstandsvorsitzender Kontakt: Acdtogo@hotmail.de Aridja Frank Bereichskoordinator Togo\/Deutschland Kontakt: infoacdtogo@gmail.com Kossi Kotchadjo Projektleitung Togo Kontakt infoacdtogo@gmail.com Wir brauchen Ihre Unterst\u00fctzung Jetzt Mitglied werden Ihre Mitgliedschaft st\u00e4rkt unsere Projekte in den Bereichen Bildung, Kinderf\u00f6rderung und Entwicklungshilfe in Togo. Mehr erfahren<\/p>","protected":false},"author":1,"featured_media":0,"parent":0,"menu_order":0,"comment_status":"closed","ping_status":"closed","template":"","meta":{"_uag_custom_page_level_css":"","footnotes":""},"class_list":["post-191","page","type-page","status-publish","hentry"],"uagb_featured_image_src":{"full":false,"thumbnail":false,"medium":false,"medium_large":false,"large":false,"1536x1536":false,"2048x2048":false,"trp-custom-language-flag":false},"uagb_author_info":{"display_name":"admin","author_link":"https:\/\/acdtogo.de\/fr\/author\/admin\/"},"uagb_comment_info":0,"uagb_excerpt":"Wer wir sind Gegr\u00fcndet 2010 Wir setzen uns mit ganzem Herzen daf\u00fcr ein, Kindern, Jugendlichen und Familien in Togo Wege zu einem hoffnungsvolleren und w\u00fcrdevollen Leben zu er\u00f6ffnen. Jede einzelne Unterst\u00fctzung hilft uns dabei, ein St\u00fcck mehr Menschlichkeit in die Welt zu tragen, und wir sind von Herzen dankbar f\u00fcr alle, die diesen Weg mit\u2026","_links":{"self":[{"href":"https:\/\/acdtogo.de\/fr\/wp-json\/wp\/v2\/pages\/191","targetHints":{"allow":["GET"]}}],"collection":[{"href":"https:\/\/acdtogo.de\/fr\/wp-json\/wp\/v2\/pages"}],"about":[{"href":"https:\/\/acdtogo.de\/fr\/wp-json\/wp\/v2\/types\/page"}],"author":[{"embeddable":true,"href":"https:\/\/acdtogo.de\/fr\/wp-json\/wp\/v2\/users\/1"}],"replies":[{"embeddable":true,"href":"https:\/\/acdtogo.de\/fr\/wp-json\/wp\/v2\/comments?post=191"}],"version-history":[{"count":44,"href":"https:\/\/acdtogo.de\/fr\/wp-json\/wp\/v2\/pages\/191\/revisions"}],"predecessor-version":[{"id":787,"href":"https:\/\/acdtogo.de\/fr\/wp-json\/wp\/v2\/pages\/191\/revisions\/787"}],"wp:attachment":[{"href":"https:\/\/acdtogo.de\/fr\/wp-json\/wp\/v2\/media?parent=191"}],"curies":[{"name":"wp","href":"https:\/\/api.w.org\/{rel}","templated":true}]}}