{"id":415,"date":"2025-12-30T00:54:34","date_gmt":"2025-12-30T00:54:34","guid":{"rendered":"https:\/\/acdtogo.de\/?page_id=415"},"modified":"2026-02-23T07:42:55","modified_gmt":"2026-02-23T07:42:55","slug":"elementor-seite-415","status":"publish","type":"page","link":"https:\/\/acdtogo.de\/fr\/elementor-seite-415\/","title":{"rendered":"Faire un don"},"content":{"rendered":"<div data-elementor-type=\"wp-page\" data-elementor-id=\"415\" class=\"elementor elementor-415\">\n\t\t\t\t<div class=\"elementor-element elementor-element-e449a0d e-con-full e-flex wpr-particle-no wpr-jarallax-no wpr-parallax-no wpr-sticky-section-no e-con e-parent\" data-id=\"e449a0d\" data-element_type=\"container\" data-e-type=\"container\" data-settings=\"{&quot;background_background&quot;:&quot;classic&quot;}\">\n\t\t\t\t<div class=\"elementor-element elementor-element-93aec82 elementor-widget elementor-widget-heading\" data-id=\"93aec82\" data-element_type=\"widget\" data-e-type=\"widget\" data-widget_type=\"heading.default\">\n\t\t\t\t\t<h2 class=\"elementor-heading-title elementor-size-default\">Faire un don<\/h2>\t\t\t\t<\/div>\n\t\t\t\t<\/div>\n\t\t<div class=\"elementor-element elementor-element-42212408 e-flex e-con-boxed wpr-particle-no wpr-jarallax-no wpr-parallax-no wpr-sticky-section-no e-con e-parent\" data-id=\"42212408\" data-element_type=\"container\" data-e-type=\"container\">\n\t\t\t\t\t<div class=\"e-con-inner\">\n\t\t<div class=\"elementor-element elementor-element-66a18877 e-con-full e-flex wpr-particle-no wpr-jarallax-no wpr-parallax-no wpr-sticky-section-no elementor-invisible e-con e-child\" data-id=\"66a18877\" data-element_type=\"container\" data-e-type=\"container\" data-settings=\"{&quot;animation&quot;:&quot;slideInLeft&quot;}\">\n\t\t\t\t<div class=\"elementor-element elementor-element-755b7636 elementor-widget elementor-widget-heading\" data-id=\"755b7636\" data-element_type=\"widget\" data-e-type=\"widget\" data-widget_type=\"heading.default\">\n\t\t\t\t\t<h2 class=\"elementor-heading-title elementor-size-default\">Des dons qui aident durablement<\/h2>\t\t\t\t<\/div>\n\t\t\t\t<div class=\"elementor-element elementor-element-5625d427 elementor-widget elementor-widget-text-editor\" data-id=\"5625d427\" data-element_type=\"widget\" data-e-type=\"widget\" data-widget_type=\"text-editor.default\">\n\t\t\t\t\t\t\t\t\t<p data-start=\"894\" data-end=\"1071\">Gr\u00e2ce \u00e0 votre soutien, vous aidez des enfants et des familles au Togo. Vous pouvez faire un don ponctuel, parrainer un enfant ou soutenir notre action de mani\u00e8re r\u00e9guli\u00e8re.<\/p>\t\t\t\t\t\t\t\t<\/div>\n\t\t\t\t<div class=\"elementor-element elementor-element-61e32e2a elementor-widget__width-initial wpr-advanced-accordion-icon-side-box elementor-widget elementor-widget-wpr-advanced-accordion\" data-id=\"61e32e2a\" data-element_type=\"widget\" data-e-type=\"widget\" data-settings=\"{&quot;active_item&quot;:0}\" data-widget_type=\"wpr-advanced-accordion.default\">\n\t\t\t\t\t\n            <div class=\"wpr-advanced-accordion\" data-accordion-type=\"accordion\" data-active-index=\"0\" data-accordion-trigger=\"click\" data-interaction-speed=\"0.4\">\n\n\t\t\t\n                \n\t\t\t\t\t<div class=\"wpr-accordion-item-wrap\">\n\t\t\t\t\t\t<button class=\"wpr-acc-button\">\n\t\t\t\t\t\t\t<span class=\"wpr-acc-item-title\">\n\t\t\t\t\t\t\t\t\t\t\t\t\t\t\t\t\t<div class=\"wpr-acc-icon-box\">\n\t\t\t\t\t\t\t\t\t\t\t\t\t\t<span class=\"wpr-title-icon\">\n\t\t\t\t\t\t\t\t\t<\/span>\n\t\t\t\t\t\t\t\t\t\t\t\t<\/div>\n\t\t\t\t\t\t\t\t\n\t\t\t\t\t\t\t\t<span class=\"wpr-acc-title-text\">Don g\u00e9n\u00e9ral<\/span>\n\t\t\t\t\t\t\t<\/span>\n\t\t\t\t\t\t\t\t\t\t\t<span class=\"wpr-toggle-icon wpr-ti-close\"><\/span>\n\t\t\t\t<span class=\"wpr-toggle-icon wpr-ti-open\"><\/span>\n\t\t\t\t\t\t\t\t\t<\/button>\n\n\t\t\t\t\t\t<div class=\"wpr-acc-panel\">\n\t\t\t\t\t\t\t\t\t\t\t\t\t\t\t<div class=\"wpr-acc-panel-content\"><p data-start=\"2211\" data-end=\"2432\">Ihre Spende unterst\u00fctzt unsere gesamte Arbeit in Togo \u2013 vom Waisenhaus \u00fcber medizinische Eins\u00e4tze bis hin zu Bildungs- und Hilfsprojekten. Die Mittel werden dort eingesetzt, wo sie aktuell am dringendsten ben\u00f6tigt werden.<\/p><p data-start=\"2434\" data-end=\"2473\">\u00a0<\/p><p data-start=\"1344\" data-end=\"1401\">\u00a0<\/p><\/div>\n\t\t\t\t\t\t\t\t\t\t\t\t\t<\/div>\n                    <\/div>\n\n                \n\t\t\t\t\t<div class=\"wpr-accordion-item-wrap\">\n\t\t\t\t\t\t<button class=\"wpr-acc-button\">\n\t\t\t\t\t\t\t<span class=\"wpr-acc-item-title\">\n\t\t\t\t\t\t\t\t\t\t\t\t\t\t\t\t\t<div class=\"wpr-acc-icon-box\">\n\t\t\t\t\t\t\t\t\t\t\t\t\t\t<span class=\"wpr-title-icon\">\n\t\t\t\t\t\t\t\t\t<\/span>\n\t\t\t\t\t\t\t\t\t\t\t\t<\/div>\n\t\t\t\t\t\t\t\t\n\t\t\t\t\t\t\t\t<span class=\"wpr-acc-title-text\">Parrainage d\u2019un enfant<\/span>\n\t\t\t\t\t\t\t<\/span>\n\t\t\t\t\t\t\t\t\t\t\t<span class=\"wpr-toggle-icon wpr-ti-close\"><\/span>\n\t\t\t\t<span class=\"wpr-toggle-icon wpr-ti-open\"><\/span>\n\t\t\t\t\t\t\t\t\t<\/button>\n\n\t\t\t\t\t\t<div class=\"wpr-acc-panel\">\n\t\t\t\t\t\t\t\t\t\t\t\t\t\t\t<div class=\"wpr-acc-panel-content\"><p data-start=\"2546\" data-end=\"2733\">Mit einer Patenschaft unterst\u00fctzen Sie gezielt ein Kind im Waisenhaus. Ihre Spende hilft bei Unterkunft, Verpflegung, Bildung und Betreuung und schenkt dem Kind Stabilit\u00e4t und Sicherheit.<\/p><p data-start=\"2735\" data-end=\"2779\">\u00a0<\/p><\/div>\n\t\t\t\t\t\t\t\t\t\t\t\t\t<\/div>\n                    <\/div>\n\n                \n\t\t\t\t\t<div class=\"wpr-accordion-item-wrap\">\n\t\t\t\t\t\t<button class=\"wpr-acc-button\">\n\t\t\t\t\t\t\t<span class=\"wpr-acc-item-title\">\n\t\t\t\t\t\t\t\t\t\t\t\t\t\t\t\t\t<div class=\"wpr-acc-icon-box\">\n\t\t\t\t\t\t\t\t\t\t\t\t\t\t<span class=\"wpr-title-icon\">\n\t\t\t\t\t\t\t\t\t<\/span>\n\t\t\t\t\t\t\t\t\t\t\t\t<\/div>\n\t\t\t\t\t\t\t\t\n\t\t\t\t\t\t\t\t<span class=\"wpr-acc-title-text\">Faire un don r\u00e9gulier<\/span>\n\t\t\t\t\t\t\t<\/span>\n\t\t\t\t\t\t\t\t\t\t\t<span class=\"wpr-toggle-icon wpr-ti-close\"><\/span>\n\t\t\t\t<span class=\"wpr-toggle-icon wpr-ti-open\"><\/span>\n\t\t\t\t\t\t\t\t\t<\/button>\n\n\t\t\t\t\t\t<div class=\"wpr-acc-panel\">\n\t\t\t\t\t\t\t\t\t\t\t\t\t\t\t<div class=\"wpr-acc-panel-content\"><p data-start=\"2854\" data-end=\"3018\">Mit einer regelm\u00e4\u00dfigen Spende begleiten Sie unsere Arbeit langfristig. Monatliche Beitr\u00e4ge erm\u00f6glichen Planungssicherheit und nachhaltige Hilfe f\u00fcr unsere Projekte.<\/p><p data-start=\"3020\" data-end=\"3060\">\u00a0<\/p><\/div>\n\t\t\t\t\t\t\t\t\t\t\t\t\t<\/div>\n                    <\/div>\n\n                            <\/div>\n        \t\t\t\t<\/div>\n\t\t\t\t<\/div>\n\t\t<div class=\"elementor-element elementor-element-30416e00 e-con-full e-flex wpr-particle-no wpr-jarallax-no wpr-parallax-no wpr-sticky-section-no elementor-invisible e-con e-child\" data-id=\"30416e00\" data-element_type=\"container\" data-e-type=\"container\" data-settings=\"{&quot;animation&quot;:&quot;slideInRight&quot;}\">\n\t\t\t\t<div class=\"elementor-element elementor-element-fce9606 elementor-widget elementor-widget-image\" data-id=\"fce9606\" data-element_type=\"widget\" data-e-type=\"widget\" data-widget_type=\"image.default\">\n\t\t\t\t\t\t\t\t\t\t\t\t\t\t\t<img fetchpriority=\"high\" decoding=\"async\" width=\"768\" height=\"859\" src=\"https:\/\/acdtogo.de\/wp-content\/uploads\/2026\/02\/WhatsApp-Image-2026-02-03-at-19.30.44-768x859.jpeg\" class=\"attachment-medium_large size-medium_large wp-image-768\" alt=\"\" srcset=\"https:\/\/acdtogo.de\/wp-content\/uploads\/2026\/02\/WhatsApp-Image-2026-02-03-at-19.30.44-768x859.jpeg 768w, https:\/\/acdtogo.de\/wp-content\/uploads\/2026\/02\/WhatsApp-Image-2026-02-03-at-19.30.44-268x300.jpeg 268w, https:\/\/acdtogo.de\/wp-content\/uploads\/2026\/02\/WhatsApp-Image-2026-02-03-at-19.30.44-916x1024.jpeg 916w, https:\/\/acdtogo.de\/wp-content\/uploads\/2026\/02\/WhatsApp-Image-2026-02-03-at-19.30.44-1374x1536.jpeg 1374w, https:\/\/acdtogo.de\/wp-content\/uploads\/2026\/02\/WhatsApp-Image-2026-02-03-at-19.30.44-11x12.jpeg 11w, https:\/\/acdtogo.de\/wp-content\/uploads\/2026\/02\/WhatsApp-Image-2026-02-03-at-19.30.44.jpeg 1431w\" sizes=\"(max-width: 768px) 100vw, 768px\" \/>\t\t\t\t\t\t\t\t\t\t\t\t\t\t\t<\/div>\n\t\t\t\t<div class=\"elementor-element elementor-element-3f0cfbaa elementor-widget elementor-widget-heading\" data-id=\"3f0cfbaa\" data-element_type=\"widget\" data-e-type=\"widget\" data-widget_type=\"heading.default\">\n\t\t\t\t\t<h2 class=\"elementor-heading-title elementor-size-default\">Don par virement bancaire<\/h2>\t\t\t\t<\/div>\n\t\t\t\t<div class=\"elementor-element elementor-element-11111e9 elementor-widget elementor-widget-text-editor\" data-id=\"11111e9\" data-element_type=\"widget\" data-e-type=\"widget\" data-widget_type=\"text-editor.default\">\n\t\t\t\t\t\t\t\t\t<p data-start=\"1055\" data-end=\"1147\">Votre don est utilis\u00e9 directement pour am\u00e9liorer durablement la vie de nombreuses personnes.<\/p><p data-start=\"1149\" data-end=\"1277\"><strong data-start=\"1149\" data-end=\"1163\">B\u00e9n\u00e9ficiaire :<\/strong> ACD Togo e.V.<br data-start=\"1177\" data-end=\"1180\" \/><strong data-start=\"1180\" data-end=\"1189\">Banque :<\/strong> VR BANK METROPOLREGION NUERNBERG EG<br data-start=\"1208\" data-end=\"1211\" \/><strong data-start=\"1211\" data-end=\"1220\">IBAN:<\/strong> DE60 7606 9559 0002 0751 13<br data-start=\"1250\" data-end=\"1253\" \/><strong data-start=\"1253\" data-end=\"1261\">BIC:<\/strong> GENODEF1NEA<\/p>\t\t\t\t\t\t\t\t<\/div>\n\t\t\t\t<div class=\"elementor-element elementor-element-59f4d486 wpr-button-icon-style-inline wpr-button-icon-position-right elementor-widget elementor-widget-wpr-button\" data-id=\"59f4d486\" data-element_type=\"widget\" data-e-type=\"widget\" data-widget_type=\"wpr-button.default\">\n\t\t\t\t\t\t\n\t\t\t\n\t\t\n\t\t<div class=\"wpr-button-wrap elementor-clearfix\">\n\t\t<a class=\"wpr-button wpr-button-effect wpr-button-none\" data-text=\"\" href=\"https:\/\/acdtogo.de\/fr\/elementor-8\/\">\n\t\t\t\n\t\t\t<span class=\"wpr-button-content\">\n\t\t\t\t\t\t\t\t\t<span class=\"wpr-button-text\">Kontaktieren Sie uns<\/span>\n\t\t\t\t\t\t\t\t\n\t\t\t\t\t\t\t<\/span>\n\t\t<\/a>\n\n\t\t\t\t<\/div>\n\t\n\t\n\t\t\t\t\t<\/div>\n\t\t\t\t<\/div>\n\t\t\t\t\t<\/div>\n\t\t\t\t<\/div>\n\t\t\t\t<\/div>","protected":false},"excerpt":{"rendered":"<p>Spenden Spenden, die nachhaltig helfen Mit Ihrer Unterst\u00fctzung helfen Sie Kindern und Familien in Togo. Sie k\u00f6nnen einmalig spenden, eine Patenschaft \u00fcbernehmen oder unsere Arbeit regelm\u00e4\u00dfig unterst\u00fctzen. Allgemeine Spende Ihre Spende unterst\u00fctzt unsere gesamte Arbeit in Togo \u2013 vom Waisenhaus \u00fcber medizinische Eins\u00e4tze bis hin zu Bildungs- und Hilfsprojekten. Die Mittel werden dort eingesetzt, wo sie aktuell am dringendsten ben\u00f6tigt werden. \u00a0 \u00a0 Patenschaft f\u00fcr ein Kind Mit einer Patenschaft unterst\u00fctzen Sie gezielt ein Kind im Waisenhaus. Ihre Spende hilft bei Unterkunft, Verpflegung, Bildung und Betreuung und schenkt dem Kind Stabilit\u00e4t und Sicherheit. \u00a0 Regelm\u00e4\u00dfig spenden Mit einer regelm\u00e4\u00dfigen Spende begleiten Sie unsere Arbeit langfristig. Monatliche Beitr\u00e4ge erm\u00f6glichen Planungssicherheit und nachhaltige Hilfe f\u00fcr unsere Projekte. \u00a0 Spenden per \u00dcberweisung Ihre Spende wird direkt daf\u00fcr verwendet, das Leben vieler Menschen nachhaltig zu verbessern. Empf\u00e4nger: ACD Togo e.V.Bank: VR BANK METROPOLREGION NUERNBERG EGIBAN: DE60 7606 9559 0002 0751 13BIC: GENODEF1NEA Kontaktieren Sie uns<\/p>","protected":false},"author":1,"featured_media":0,"parent":0,"menu_order":0,"comment_status":"closed","ping_status":"closed","template":"","meta":{"_uag_custom_page_level_css":"","footnotes":""},"class_list":["post-415","page","type-page","status-publish","hentry"],"uagb_featured_image_src":{"full":false,"thumbnail":false,"medium":false,"medium_large":false,"large":false,"1536x1536":false,"2048x2048":false,"trp-custom-language-flag":false},"uagb_author_info":{"display_name":"admin","author_link":"https:\/\/acdtogo.de\/fr\/author\/admin\/"},"uagb_comment_info":0,"uagb_excerpt":"Spenden Spenden, die nachhaltig helfen Mit Ihrer Unterst\u00fctzung helfen Sie Kindern und Familien in Togo. Sie k\u00f6nnen einmalig spenden, eine Patenschaft \u00fcbernehmen oder unsere Arbeit regelm\u00e4\u00dfig unterst\u00fctzen. Allgemeine Spende Ihre Spende unterst\u00fctzt unsere gesamte Arbeit in Togo \u2013 vom Waisenhaus \u00fcber medizinische Eins\u00e4tze bis hin zu Bildungs- und Hilfsprojekten. Die Mittel werden dort eingesetzt, wo\u2026","_links":{"self":[{"href":"https:\/\/acdtogo.de\/fr\/wp-json\/wp\/v2\/pages\/415","targetHints":{"allow":["GET"]}}],"collection":[{"href":"https:\/\/acdtogo.de\/fr\/wp-json\/wp\/v2\/pages"}],"about":[{"href":"https:\/\/acdtogo.de\/fr\/wp-json\/wp\/v2\/types\/page"}],"author":[{"embeddable":true,"href":"https:\/\/acdtogo.de\/fr\/wp-json\/wp\/v2\/users\/1"}],"replies":[{"embeddable":true,"href":"https:\/\/acdtogo.de\/fr\/wp-json\/wp\/v2\/comments?post=415"}],"version-history":[{"count":47,"href":"https:\/\/acdtogo.de\/fr\/wp-json\/wp\/v2\/pages\/415\/revisions"}],"predecessor-version":[{"id":793,"href":"https:\/\/acdtogo.de\/fr\/wp-json\/wp\/v2\/pages\/415\/revisions\/793"}],"wp:attachment":[{"href":"https:\/\/acdtogo.de\/fr\/wp-json\/wp\/v2\/media?parent=415"}],"curies":[{"name":"wp","href":"https:\/\/api.w.org\/{rel}","templated":true}]}}